{"id":862,"date":"2020-09-28T10:00:46","date_gmt":"2020-09-28T15:00:46","guid":{"rendered":"https:\/\/khristinevwolf.com\/wp\/?page_id=862"},"modified":"2021-03-05T19:54:29","modified_gmt":"2021-03-06T00:54:29","slug":"bastardos","status":"publish","type":"page","link":"https:\/\/khristinevwolf.com\/wp\/bastardos\/","title":{"rendered":"Bastardos"},"content":{"rendered":"\t\t<div data-elementor-type=\"wp-page\" data-elementor-id=\"862\" class=\"elementor elementor-862\" data-elementor-settings=\"{&quot;ha_cmc_init_switcher&quot;:&quot;no&quot;}\" data-elementor-post-type=\"page\">\n\t\t\t\t\t\t<section class=\"elementor-section elementor-top-section elementor-element elementor-element-574a63e1 elementor-section-boxed elementor-section-height-default elementor-section-height-default\" data-id=\"574a63e1\" data-element_type=\"section\" data-e-type=\"section\" data-settings=\"{&quot;background_background&quot;:&quot;classic&quot;,&quot;_ha_eqh_enable&quot;:false}\">\n\t\t\t\t\t\t<div class=\"elementor-container elementor-column-gap-default\">\n\t\t\t\t\t<div class=\"elementor-column elementor-col-100 elementor-top-column elementor-element elementor-element-43f12142\" data-id=\"43f12142\" data-element_type=\"column\" data-e-type=\"column\">\n\t\t\t<div class=\"elementor-widget-wrap elementor-element-populated\">\n\t\t\t\t\t\t<div class=\"elementor-element elementor-element-5aaac440 elementor-widget elementor-widget-heading\" data-id=\"5aaac440\" data-element_type=\"widget\" data-e-type=\"widget\" data-widget_type=\"heading.default\">\n\t\t\t\t<div class=\"elementor-widget-container\">\n\t\t\t\t\t<h2 class=\"elementor-heading-title elementor-size-default\"><br><br>Bastardos<\/h2>\t\t\t\t<\/div>\n\t\t\t\t<\/div>\n\t\t\t\t\t<\/div>\n\t\t<\/div>\n\t\t\t\t\t<\/div>\n\t\t<\/section>\n\t\t\t\t<section class=\"elementor-section elementor-top-section elementor-element elementor-element-7bffb676 elementor-section-content-middle elementor-section-boxed elementor-section-height-default elementor-section-height-default\" data-id=\"7bffb676\" data-element_type=\"section\" data-e-type=\"section\" data-settings=\"{&quot;_ha_eqh_enable&quot;:false}\">\n\t\t\t\t\t\t<div class=\"elementor-container elementor-column-gap-default\">\n\t\t\t\t\t<div class=\"elementor-column elementor-col-25 elementor-top-column elementor-element elementor-element-75c8cdc8\" data-id=\"75c8cdc8\" data-element_type=\"column\" data-e-type=\"column\">\n\t\t\t<div class=\"elementor-widget-wrap elementor-element-populated\">\n\t\t\t\t\t\t<div class=\"elementor-element elementor-element-3f4f738e elementor-widget elementor-widget-heading\" data-id=\"3f4f738e\" data-element_type=\"widget\" data-e-type=\"widget\" data-widget_type=\"heading.default\">\n\t\t\t\t<div class=\"elementor-widget-container\">\n\t\t\t\t\t<h2 class=\"elementor-heading-title elementor-size-default\">Soldados de \u00e9lite + organizaci\u00f3n misteriosa = buen d\u00eda para matar.<\/h2>\t\t\t\t<\/div>\n\t\t\t\t<\/div>\n\t\t\t\t<div class=\"elementor-element elementor-element-32edcde5 elementor-widget elementor-widget-text-editor\" data-id=\"32edcde5\" data-element_type=\"widget\" data-e-type=\"widget\" data-widget_type=\"text-editor.default\">\n\t\t\t\t<div class=\"elementor-widget-container\">\n\t\t\t\t\t\t\t\t\t<p>La Comandante es la l\u00edder indiscutible en &#8216;La Organizaci\u00f3n&#8217;, y sus &#8216;Bastardos&#8217; son los encargados de ejecutar aquellos que la ley ignora en aras del dinero y el poder, entre otras desgracias.<\/p><p>Conocer\u00e1s ambos lados de la ley y ver\u00e1s que no todo es como te lo mostraban.<\/p><p>Trata de personas, luchas territoriales, asesinatos por encargo y mucho armamento pesado ser\u00e1n los ingredientes para esta serie.<\/p>\t\t\t\t\t\t\t\t<\/div>\n\t\t\t\t<\/div>\n\t\t\t\t\t<\/div>\n\t\t<\/div>\n\t\t\t\t<div class=\"elementor-column elementor-col-25 elementor-top-column elementor-element elementor-element-222628f9\" data-id=\"222628f9\" data-element_type=\"column\" data-e-type=\"column\">\n\t\t\t<div class=\"elementor-widget-wrap elementor-element-populated\">\n\t\t\t\t\t\t<div class=\"elementor-element elementor-element-21a25f28 elementor-widget elementor-widget-image\" data-id=\"21a25f28\" data-element_type=\"widget\" data-e-type=\"widget\" data-widget_type=\"image.default\">\n\t\t\t\t<div class=\"elementor-widget-container\">\n\t\t\t\t\t\t\t\t\t\t\t\t\t\t\t<img fetchpriority=\"high\" decoding=\"async\" width=\"640\" height=\"1024\" src=\"https:\/\/khristinevwolf.com\/wp\/wp-content\/uploads\/2020\/09\/portada-aun-no-revelada-kvw-640x1024.png\" class=\"attachment-large size-large wp-image-668\" alt=\"\" srcset=\"https:\/\/khristinevwolf.com\/wp\/wp-content\/uploads\/2020\/09\/portada-aun-no-revelada-kvw-640x1024.png 640w, https:\/\/khristinevwolf.com\/wp\/wp-content\/uploads\/2020\/09\/portada-aun-no-revelada-kvw-188x300.png 188w, https:\/\/khristinevwolf.com\/wp\/wp-content\/uploads\/2020\/09\/portada-aun-no-revelada-kvw-768x1229.png 768w, https:\/\/khristinevwolf.com\/wp\/wp-content\/uploads\/2020\/09\/portada-aun-no-revelada-kvw-600x960.png 600w, https:\/\/khristinevwolf.com\/wp\/wp-content\/uploads\/2020\/09\/portada-aun-no-revelada-kvw.png 800w\" sizes=\"(max-width: 640px) 100vw, 640px\" \/>\t\t\t\t\t\t\t\t\t\t\t\t\t\t\t<\/div>\n\t\t\t\t<\/div>\n\t\t\t\t\t<\/div>\n\t\t<\/div>\n\t\t\t\t<div class=\"elementor-column elementor-col-25 elementor-top-column elementor-element elementor-element-44aad13c\" data-id=\"44aad13c\" data-element_type=\"column\" data-e-type=\"column\">\n\t\t\t<div class=\"elementor-widget-wrap elementor-element-populated\">\n\t\t\t\t\t\t<div class=\"elementor-element elementor-element-375729d9 elementor-widget elementor-widget-image\" data-id=\"375729d9\" data-element_type=\"widget\" data-e-type=\"widget\" data-widget_type=\"image.default\">\n\t\t\t\t<div class=\"elementor-widget-container\">\n\t\t\t\t\t\t\t\t\t\t\t\t\t\t\t<img fetchpriority=\"high\" decoding=\"async\" width=\"640\" height=\"1024\" src=\"https:\/\/khristinevwolf.com\/wp\/wp-content\/uploads\/2020\/09\/portada-aun-no-revelada-kvw-640x1024.png\" class=\"attachment-large size-large wp-image-668\" alt=\"\" srcset=\"https:\/\/khristinevwolf.com\/wp\/wp-content\/uploads\/2020\/09\/portada-aun-no-revelada-kvw-640x1024.png 640w, https:\/\/khristinevwolf.com\/wp\/wp-content\/uploads\/2020\/09\/portada-aun-no-revelada-kvw-188x300.png 188w, https:\/\/khristinevwolf.com\/wp\/wp-content\/uploads\/2020\/09\/portada-aun-no-revelada-kvw-768x1229.png 768w, https:\/\/khristinevwolf.com\/wp\/wp-content\/uploads\/2020\/09\/portada-aun-no-revelada-kvw-600x960.png 600w, https:\/\/khristinevwolf.com\/wp\/wp-content\/uploads\/2020\/09\/portada-aun-no-revelada-kvw.png 800w\" sizes=\"(max-width: 640px) 100vw, 640px\" \/>\t\t\t\t\t\t\t\t\t\t\t\t\t\t\t<\/div>\n\t\t\t\t<\/div>\n\t\t\t\t\t<\/div>\n\t\t<\/div>\n\t\t\t\t<div class=\"elementor-column elementor-col-25 elementor-top-column elementor-element elementor-element-d1d74f2\" data-id=\"d1d74f2\" data-element_type=\"column\" data-e-type=\"column\">\n\t\t\t<div class=\"elementor-widget-wrap elementor-element-populated\">\n\t\t\t\t\t\t<div class=\"elementor-element elementor-element-7fcd1833 elementor-widget elementor-widget-image\" data-id=\"7fcd1833\" data-element_type=\"widget\" data-e-type=\"widget\" data-widget_type=\"image.default\">\n\t\t\t\t<div class=\"elementor-widget-container\">\n\t\t\t\t\t\t\t\t\t\t\t\t\t\t\t<img fetchpriority=\"high\" decoding=\"async\" width=\"640\" height=\"1024\" src=\"https:\/\/khristinevwolf.com\/wp\/wp-content\/uploads\/2020\/09\/portada-aun-no-revelada-kvw-640x1024.png\" class=\"attachment-large size-large wp-image-668\" alt=\"\" srcset=\"https:\/\/khristinevwolf.com\/wp\/wp-content\/uploads\/2020\/09\/portada-aun-no-revelada-kvw-640x1024.png 640w, https:\/\/khristinevwolf.com\/wp\/wp-content\/uploads\/2020\/09\/portada-aun-no-revelada-kvw-188x300.png 188w, https:\/\/khristinevwolf.com\/wp\/wp-content\/uploads\/2020\/09\/portada-aun-no-revelada-kvw-768x1229.png 768w, https:\/\/khristinevwolf.com\/wp\/wp-content\/uploads\/2020\/09\/portada-aun-no-revelada-kvw-600x960.png 600w, https:\/\/khristinevwolf.com\/wp\/wp-content\/uploads\/2020\/09\/portada-aun-no-revelada-kvw.png 800w\" sizes=\"(max-width: 640px) 100vw, 640px\" \/>\t\t\t\t\t\t\t\t\t\t\t\t\t\t\t<\/div>\n\t\t\t\t<\/div>\n\t\t\t\t\t<\/div>\n\t\t<\/div>\n\t\t\t\t\t<\/div>\n\t\t<\/section>\n\t\t\t\t<section class=\"elementor-section elementor-top-section elementor-element elementor-element-76be762 elementor-section-boxed elementor-section-height-default elementor-section-height-default\" data-id=\"76be762\" data-element_type=\"section\" data-e-type=\"section\" data-settings=\"{&quot;_ha_eqh_enable&quot;:false}\">\n\t\t\t\t\t\t<div class=\"elementor-container elementor-column-gap-default\">\n\t\t\t\t\t<div class=\"elementor-column elementor-col-33 elementor-top-column elementor-element elementor-element-2b6ab76\" data-id=\"2b6ab76\" data-element_type=\"column\" data-e-type=\"column\">\n\t\t\t<div class=\"elementor-widget-wrap elementor-element-populated\">\n\t\t\t\t\t\t<div class=\"elementor-element elementor-element-efbfa2f elementor-widget elementor-widget-heading\" data-id=\"efbfa2f\" data-element_type=\"widget\" data-e-type=\"widget\" data-widget_type=\"heading.default\">\n\t\t\t\t<div class=\"elementor-widget-container\">\n\t\t\t\t\t<h2 class=\"elementor-heading-title elementor-size-default\">Cazador al acecho<\/h2>\t\t\t\t<\/div>\n\t\t\t\t<\/div>\n\t\t\t\t<div class=\"elementor-element elementor-element-19f291e elementor-widget elementor-widget-image\" data-id=\"19f291e\" data-element_type=\"widget\" data-e-type=\"widget\" data-widget_type=\"image.default\">\n\t\t\t\t<div class=\"elementor-widget-container\">\n\t\t\t\t\t\t\t\t\t\t\t\t\t\t\t<img decoding=\"async\" width=\"768\" height=\"1229\" src=\"https:\/\/khristinevwolf.com\/wp\/wp-content\/uploads\/2020\/09\/portada-aun-no-revelada-kvw-768x1229.png\" class=\"attachment-medium_large size-medium_large wp-image-668\" alt=\"\" srcset=\"https:\/\/khristinevwolf.com\/wp\/wp-content\/uploads\/2020\/09\/portada-aun-no-revelada-kvw-768x1229.png 768w, https:\/\/khristinevwolf.com\/wp\/wp-content\/uploads\/2020\/09\/portada-aun-no-revelada-kvw-188x300.png 188w, https:\/\/khristinevwolf.com\/wp\/wp-content\/uploads\/2020\/09\/portada-aun-no-revelada-kvw-640x1024.png 640w, https:\/\/khristinevwolf.com\/wp\/wp-content\/uploads\/2020\/09\/portada-aun-no-revelada-kvw-600x960.png 600w, https:\/\/khristinevwolf.com\/wp\/wp-content\/uploads\/2020\/09\/portada-aun-no-revelada-kvw.png 800w\" sizes=\"(max-width: 768px) 100vw, 768px\" \/>\t\t\t\t\t\t\t\t\t\t\t\t\t\t\t<\/div>\n\t\t\t\t<\/div>\n\t\t\t\t\t<\/div>\n\t\t<\/div>\n\t\t\t\t<div class=\"elementor-column elementor-col-66 elementor-top-column elementor-element elementor-element-ca20a92\" data-id=\"ca20a92\" data-element_type=\"column\" data-e-type=\"column\">\n\t\t\t<div class=\"elementor-widget-wrap elementor-element-populated\">\n\t\t\t\t\t\t<div class=\"elementor-element elementor-element-c292ee4 elementor-tabs-view-horizontal elementor-widget elementor-widget-tabs\" data-id=\"c292ee4\" data-element_type=\"widget\" data-e-type=\"widget\" data-widget_type=\"tabs.default\">\n\t\t\t\t<div class=\"elementor-widget-container\">\n\t\t\t\t\t\t\t<div class=\"elementor-tabs\">\n\t\t\t<div class=\"elementor-tabs-wrapper\" role=\"tablist\" >\n\t\t\t\t\t\t\t\t\t<div id=\"elementor-tab-title-2041\" class=\"elementor-tab-title elementor-tab-desktop-title\" aria-selected=\"true\" data-tab=\"1\" role=\"tab\" tabindex=\"0\" aria-controls=\"elementor-tab-content-2041\" aria-expanded=\"false\">Sinopsis<\/div>\n\t\t\t\t\t\t\t\t\t<div id=\"elementor-tab-title-2042\" class=\"elementor-tab-title elementor-tab-desktop-title\" aria-selected=\"false\" data-tab=\"2\" role=\"tab\" tabindex=\"-1\" aria-controls=\"elementor-tab-content-2042\" aria-expanded=\"false\">Lee un extracto<\/div>\n\t\t\t\t\t\t\t<\/div>\n\t\t\t<div class=\"elementor-tabs-content-wrapper\" role=\"tablist\" aria-orientation=\"vertical\">\n\t\t\t\t\t\t\t\t\t<div class=\"elementor-tab-title elementor-tab-mobile-title\" aria-selected=\"true\" data-tab=\"1\" role=\"tab\" tabindex=\"0\" aria-controls=\"elementor-tab-content-2041\" aria-expanded=\"false\">Sinopsis<\/div>\n\t\t\t\t\t<div id=\"elementor-tab-content-2041\" class=\"elementor-tab-content elementor-clearfix\" data-tab=\"1\" role=\"tabpanel\" aria-labelledby=\"elementor-tab-title-2041\" tabindex=\"0\" hidden=\"false\"><h2 data-elementor-setting-key=\"title\" data-pen-placeholder=\"Teclea aqu\u00ed...\">\u00c9l es un cazador que respeta la vida animal.\u00a0<\/h2><p class=\"elementor-image-box-description\">Mathew es un bastardo de clase B, una categor\u00eda que raya entre la case A de l\u00edderes militares y la clase C que se encarga de ejecutar operaciones del m\u00e1s alto nivel.<\/p><p class=\"elementor-image-box-description\">Como oficial pronto en ascenso dentro de La Organizaci\u00f3n, es enviado a una misi\u00f3n que ser\u00e1 su examen pr\u00e1ctico.<\/p><p class=\"elementor-image-box-description\">Que lo ignore es parte de su evaluaci\u00f3n psicol\u00f3gica, pues a la Comandante le encanta estudiar el comportamiento humano.<\/p><p>La misi\u00f3n parec\u00eda sencilla, deb\u00eda cubrir un puesto de vigilancia en terrenos rurales de la serran\u00eda peruana. Tiene a terroristas como vecinos, civiles poco cooperativos y una indigente que hurga su basura en busca de comida para la infame jaur\u00eda de perros que la acompa\u00f1a.<\/p><p>\u00c9l es un amante de los animales, y ha cometido masacres en su nombre de las que un asesino a sueldo estar\u00eda celoso. Y ya hab\u00eda sido advertido sobre cargar la misi\u00f3n por sus ideales.<\/p><p>Salvar a esa chica de sus decisiones lo meter\u00e1 en problemas con La Organizaci\u00f3n, los terroristas y sus animales.<\/p><p>Nadie dijo que los Bastardos fueran sutiles o que su coraz\u00f3n dominara a la raz\u00f3n.<\/p><p><b>&gt;&gt;&gt;Libro 1<\/b><\/p><\/div>\n\t\t\t\t\t\t\t\t\t<div class=\"elementor-tab-title elementor-tab-mobile-title\" aria-selected=\"false\" data-tab=\"2\" role=\"tab\" tabindex=\"-1\" aria-controls=\"elementor-tab-content-2042\" aria-expanded=\"false\">Lee un extracto<\/div>\n\t\t\t\t\t<div id=\"elementor-tab-content-2042\" class=\"elementor-tab-content elementor-clearfix\" data-tab=\"2\" role=\"tabpanel\" aria-labelledby=\"elementor-tab-title-2042\" tabindex=\"0\" hidden=\"hidden\"><p>Un d\u00eda com\u00fan y corriente en la ciudad Metropolitana.<\/p><p>Un hombre joven en sus veintes detuvo su moto todo terreno acondicionada al estilo Harley en cuanto la luz del sem\u00e1foro dio en rojo. Con el bot\u00edn de uso militar apoyado sobre la grava desmont\u00f3 la moto con gracia felina, su chaqueta de cuero cruji\u00f3 con el suave movimiento despertando la atenci\u00f3n de la polic\u00eda de tr\u00e1nsito.<\/p><p>El sujeto le envi\u00f3 un beso en descarado saludo.<\/p><p>El d\u00eda de la oficial de polic\u00eda mejor\u00f3 como nunca pens\u00f3 en aquella fastidiosa ma\u00f1ana.<\/p><p>Volviendo con el sujeto, \u00e9ste desvi\u00f3 su mirada hacia su blanco, las gafas de sol envolventes que usaba lo mostraban como un ser digno de s\u00ed mismo que contemplaba el ambiente con total indiferencia.<\/p><p>Su objetivo era el infeliz que beb\u00eda cerveza junto a un grupo de amigos fuera de un local muy conocido por ofrecer placer sexual dentro de alg\u00fan rinc\u00f3n de aquel triste lugar, pero esa era una misi\u00f3n aparte.<\/p><p><em>\u00abHubiera sido una apuesta interesante\u00bb<\/em>, pens\u00f3 divertido.<\/p><p>El desprecio hacia su blanco fue transmitido por su penetrante mirada.<\/p><p>El triste infame detect\u00f3 que era acechado y gir\u00f3 su atenci\u00f3n buscando al causante.<\/p><p>\u2014 Muere \u2014susurr\u00f3 sin apartar la mirada confundiendo al objetivo cuando sus miradas se enfrentaron.<\/p><p>El motociclista desenfund\u00f3 una SIG con silenciador, \u00e9sta no brillaba con el sol m\u00e1s bien parec\u00eda absorber la luz como un ser hambriento; solo fueron cuesti\u00f3n de segundos, los ojos del infame se abrieron como platos.<\/p><p>Fueron solo microsegundos.<\/p><p>El arma fue disparada en cuanto se\u00f1al\u00f3 a su v\u00edctima, luego fue guardada en su funda antes de que el cazador trazara su retirada a pie como un peat\u00f3n m\u00e1s.<\/p><p>\u2014 Por all\u00e1 oficial \u2014se\u00f1al\u00f3 con la cabeza al tumulto de borrachos que rodearon al sujeto que a\u00fan se convulsionaba sobre el suelo; el tiro hab\u00eda sido perfecto y a\u00fan m\u00e1s perfecto que nadie lo hubiese notado en plena v\u00eda p\u00fablica.<\/p><p>El cazador se retir\u00f3 andando mientras los oficiales motorizados que pasaban por la zona se encaminaban a la escena.<\/p><p>Sin prisa o apuro, el cazador dobl\u00f3 por una esquina mientras los oficiales miraban a todas partes y se dirig\u00edan a la moto abandonada que acababa de ser reclamada por su verdadero due\u00f1o, un tipo muy similar al cazador.<\/p><p>Un hombre fornido de cabellos casta\u00f1os, amante de las Harley y reventando de furia.<\/p><p>\u2014\u00a1Que la acabo de recuperar! \u2014gritaba mientras era esposado.<\/p><p>\u204d \u2e2d \u204c<\/p><p>En las oficinas de La Organizaci\u00f3n, una joven mujer observaba apacible desde su sill\u00f3n favorito hacia la pantalla de un ordenador port\u00e1til.<\/p><p>\u2014 Ha sido bizarro y est\u00fapido \u2014murmur\u00f3, sin embargo, sonri\u00f3 con satisfacci\u00f3n, sus ojos amatista brillaban.<\/p><p>\u2014Deber\u00eda azotarlo \u2014respondi\u00f3 un sujeto cubierto de un traje negro especial de la cabeza a los pies, ten\u00eda unas curiosas aplicaciones de color rojo que s\u00f3lo pod\u00edan atraer hacia una muerte segura\u2014. No debe poner en riesgo a la Organizaci\u00f3n.<\/p><p>Ella lo mir\u00f3 por sobre el hombro\u2014. Es un BASTARDO. Es SU deber.<\/p><p>Descolg\u00f3 el tel\u00e9fono y llam\u00f3 al siguiente en la lista de su apretada agenda\u2014. Tom, ll\u00e1malo y no quiero ning\u00fan retraso \u2014colg\u00f3 limpiando una pelusa inexistente de su chaqueta de lino blanco, mientras su mirada ahora jade brillaba de diversi\u00f3n.<\/p><p>El hombre a su lado inclin\u00f3 la cabeza a un lado atrayendo su atenci\u00f3n.<\/p><p>\u2014SAM encontr\u00f3 otro nido \u2014murmur\u00f3 el hombre, era lo \u00fanico que permit\u00eda discernir la m\u00e1scara, una voz sintetizada masculina. La noticia que acababa de recibir sigui\u00f3 con una risita que promet\u00eda ser decadente\u2014. Quiere saber si deseas un suvenir.<\/p><p>Ella lo desestim\u00f3 con una mano cuando la puerta se abri\u00f3 de nuevo, otro de sus <em>bastardos<\/em> presentar\u00eda un informe y ella ya ten\u00eda demasiados suvenires.<\/p><p>Sus ojos se tornaron del color rojo sangre ante el nuevo ramalazo de emociones que empezaron a embargarla, fren\u00f3 en seco las cruentas im\u00e1genes que circularon por su mente, y para serenarse no encontr\u00f3 mejor motivo que la \u00faltima travesura de su rebelde cazador.<\/p><\/div>\n\t\t\t\t\t\t\t<\/div>\n\t\t<\/div>\n\t\t\t\t\t\t<\/div>\n\t\t\t\t<\/div>\n\t\t\t\t\t<\/div>\n\t\t<\/div>\n\t\t\t\t\t<\/div>\n\t\t<\/section>\n\t\t\t\t<section class=\"elementor-section elementor-top-section elementor-element elementor-element-7d47206 elementor-section-boxed elementor-section-height-default elementor-section-height-default\" data-id=\"7d47206\" data-element_type=\"section\" data-e-type=\"section\" data-settings=\"{&quot;_ha_eqh_enable&quot;:false}\">\n\t\t\t\t\t\t<div class=\"elementor-container elementor-column-gap-default\">\n\t\t\t\t\t<div class=\"elementor-column elementor-col-100 elementor-top-column elementor-element elementor-element-2d5cfd0\" data-id=\"2d5cfd0\" data-element_type=\"column\" data-e-type=\"column\">\n\t\t\t<div class=\"elementor-widget-wrap\">\n\t\t\t\t\t\t\t<\/div>\n\t\t<\/div>\n\t\t\t\t\t<\/div>\n\t\t<\/section>\n\t\t\t\t<section class=\"elementor-section elementor-top-section elementor-element elementor-element-4f78213 elementor-section-boxed elementor-section-height-default elementor-section-height-default\" data-id=\"4f78213\" data-element_type=\"section\" data-e-type=\"section\" data-settings=\"{&quot;_ha_eqh_enable&quot;:false}\">\n\t\t\t\t\t\t<div class=\"elementor-container elementor-column-gap-default\">\n\t\t\t\t\t<div class=\"elementor-column elementor-col-100 elementor-top-column elementor-element elementor-element-d32c26c\" data-id=\"d32c26c\" data-element_type=\"column\" data-e-type=\"column\">\n\t\t\t<div class=\"elementor-widget-wrap elementor-element-populated\">\n\t\t\t\t\t\t<section class=\"elementor-section elementor-inner-section elementor-element elementor-element-3cdb1f4 elementor-hidden-tablet elementor-hidden-phone elementor-section-boxed elementor-section-height-default elementor-section-height-default\" data-id=\"3cdb1f4\" data-element_type=\"section\" data-e-type=\"section\" data-settings=\"{&quot;background_background&quot;:&quot;classic&quot;,&quot;_ha_eqh_enable&quot;:false}\">\n\t\t\t\t\t\t<div class=\"elementor-container elementor-column-gap-default\">\n\t\t\t\t\t<div class=\"elementor-column elementor-col-25 elementor-inner-column elementor-element elementor-element-519a4d7\" data-id=\"519a4d7\" data-element_type=\"column\" data-e-type=\"column\">\n\t\t\t<div class=\"elementor-widget-wrap\">\n\t\t\t\t\t\t\t<\/div>\n\t\t<\/div>\n\t\t\t\t<div class=\"elementor-column elementor-col-25 elementor-inner-column elementor-element elementor-element-0f9d9ac\" data-id=\"0f9d9ac\" data-element_type=\"column\" data-e-type=\"column\">\n\t\t\t<div class=\"elementor-widget-wrap elementor-element-populated\">\n\t\t\t\t\t\t<div class=\"elementor-element elementor-element-25b258f elementor-widget elementor-widget-image-box\" data-id=\"25b258f\" data-element_type=\"widget\" data-e-type=\"widget\" data-widget_type=\"image-box.default\">\n\t\t\t\t<div class=\"elementor-widget-container\">\n\t\t\t\t\t<div class=\"elementor-image-box-wrapper\"><div class=\"elementor-image-box-content\"><h6 class=\"elementor-image-box-title\">Sobre m\u00ed<\/h6><p class=\"elementor-image-box-description\">Algunas cosas no podr\u00e1n ser dichas xD<\/p><\/div><\/div>\t\t\t\t<\/div>\n\t\t\t\t<\/div>\n\t\t\t\t\t<\/div>\n\t\t<\/div>\n\t\t\t\t<div class=\"elementor-column elementor-col-25 elementor-inner-column elementor-element elementor-element-b899092\" data-id=\"b899092\" data-element_type=\"column\" data-e-type=\"column\">\n\t\t\t<div class=\"elementor-widget-wrap elementor-element-populated\">\n\t\t\t\t\t\t<div class=\"elementor-element elementor-element-addeda6 elementor-widget elementor-widget-image-box\" data-id=\"addeda6\" data-element_type=\"widget\" data-e-type=\"widget\" data-widget_type=\"image-box.default\">\n\t\t\t\t<div class=\"elementor-widget-container\">\n\t\t\t\t\t<div class=\"elementor-image-box-wrapper\"><div class=\"elementor-image-box-content\"><h6 class=\"elementor-image-box-title\">Datos extras<\/h6><p class=\"elementor-image-box-description\">hola@khristinevwolf.com<\/p><\/div><\/div>\t\t\t\t<\/div>\n\t\t\t\t<\/div>\n\t\t\t\t\t<\/div>\n\t\t<\/div>\n\t\t\t\t<div class=\"elementor-column elementor-col-25 elementor-inner-column elementor-element elementor-element-56456a8\" data-id=\"56456a8\" data-element_type=\"column\" data-e-type=\"column\">\n\t\t\t<div class=\"elementor-widget-wrap elementor-element-populated\">\n\t\t\t\t\t\t<div class=\"elementor-element elementor-element-1e3c59c elementor-widget elementor-widget-heading\" data-id=\"1e3c59c\" data-element_type=\"widget\" data-e-type=\"widget\" data-widget_type=\"heading.default\">\n\t\t\t\t<div class=\"elementor-widget-container\">\n\t\t\t\t\t<h6 class=\"elementor-heading-title elementor-size-default\">Sigue mis redes<\/h6>\t\t\t\t<\/div>\n\t\t\t\t<\/div>\n\t\t\t\t<div class=\"elementor-element elementor-element-7951e66 elementor-widget elementor-widget-html\" data-id=\"7951e66\" data-element_type=\"widget\" data-e-type=\"widget\" data-widget_type=\"html.default\">\n\t\t\t\t<div class=\"elementor-widget-container\">\n\t\t\t\t\t<div>\n    <a href=\"https:\/\/www.facebook.com\/khristinevwolf\" class=\"neve-social\"><img decoding=\"async\" src=\"https:\/\/khristinevwolf.com\/wp\/wp-content\/uploads\/2018\/11\/neve-facebook.png\"><\/a>\n    <a href=\"https:\/\/twitter.com\/khristinevwolf\" class=\"neve-social\"><img decoding=\"async\" src=\"https:\/\/khristinevwolf.com\/wp\/wp-content\/uploads\/2018\/11\/neve-twitter.png\"><\/a>\n    <a href=\"https:\/\/www.instagram.com\/khristinevwolf\" class=\"neve-social\"><img decoding=\"async\" src=\"https:\/\/khristinevwolf.com\/wp\/wp-content\/uploads\/2018\/11\/neve-instagram.png\"><\/a>\n         <style>\n     .social {margin-right: 10px;}\n     .social:hover {filter: grayscale(100%) brightness(40%) sepia(100%) hue-rotate(-50deg) saturate(600%) contrast(0.8);     transition: all ease 0.25s;};\n     <\/style>\n<\/div>\t\t\t\t<\/div>\n\t\t\t\t<\/div>\n\t\t\t\t\t<\/div>\n\t\t<\/div>\n\t\t\t\t\t<\/div>\n\t\t<\/section>\n\t\t\t\t\t<\/div>\n\t\t<\/div>\n\t\t\t\t\t<\/div>\n\t\t<\/section>\n\t\t\t\t<\/div>\n\t\t","protected":false},"excerpt":{"rendered":"<p>Bastardos Soldados de \u00e9lite + organizaci\u00f3n misteriosa = buen d\u00eda para matar. La Comandante es la l\u00edder indiscutible en &#8216;La Organizaci\u00f3n&#8217;, y sus &#8216;Bastardos&#8217; son los encargados de ejecutar aquellos que la ley ignora en aras del dinero y el poder, entre otras desgracias. Conocer\u00e1s ambos lados de la ley y ver\u00e1s que no todo&hellip;&nbsp;<a href=\"https:\/\/khristinevwolf.com\/wp\/bastardos\/\" class=\"\" rel=\"bookmark\">Leer m\u00e1s &raquo;<span class=\"screen-reader-text\">Bastardos<\/span><\/a><\/p>\n","protected":false},"author":2,"featured_media":0,"parent":0,"menu_order":0,"comment_status":"closed","ping_status":"closed","template":"page-templates\/template-pagebuilder-full-width.php","meta":{"footnotes":""},"class_list":["post-862","page","type-page","status-publish","hentry"],"_links":{"self":[{"href":"https:\/\/khristinevwolf.com\/wp\/wp-json\/wp\/v2\/pages\/862","targetHints":{"allow":["GET"]}}],"collection":[{"href":"https:\/\/khristinevwolf.com\/wp\/wp-json\/wp\/v2\/pages"}],"about":[{"href":"https:\/\/khristinevwolf.com\/wp\/wp-json\/wp\/v2\/types\/page"}],"author":[{"embeddable":true,"href":"https:\/\/khristinevwolf.com\/wp\/wp-json\/wp\/v2\/users\/2"}],"replies":[{"embeddable":true,"href":"https:\/\/khristinevwolf.com\/wp\/wp-json\/wp\/v2\/comments?post=862"}],"version-history":[{"count":8,"href":"https:\/\/khristinevwolf.com\/wp\/wp-json\/wp\/v2\/pages\/862\/revisions"}],"predecessor-version":[{"id":1245,"href":"https:\/\/khristinevwolf.com\/wp\/wp-json\/wp\/v2\/pages\/862\/revisions\/1245"}],"wp:attachment":[{"href":"https:\/\/khristinevwolf.com\/wp\/wp-json\/wp\/v2\/media?parent=862"}],"curies":[{"name":"wp","href":"https:\/\/api.w.org\/{rel}","templated":true}]}}